{"id":81,"date":"2017-10-10T12:28:33","date_gmt":"2017-10-10T12:28:33","guid":{"rendered":"http:\/\/moralsaludable.moralzarzal.es\/?page_id=81"},"modified":"2017-10-17T11:54:31","modified_gmt":"2017-10-17T11:54:31","slug":"recomendaciones","status":"publish","type":"page","link":"https:\/\/moralsaludable.moralzarzal.es\/index.php\/recomendaciones\/","title":{"rendered":"Recomendaciones"},"content":{"rendered":"<p>[et_pb_section admin_label=\u00bbsection\u00bb background_color=\u00bb#6aceb6&#8243; inner_shadow=\u00bbon\u00bb fullwidth=\u00bbon\u00bb][et_pb_fullwidth_header admin_label=\u00bbT\u00edtulo de anchura completa\u00bb title=\u00bbRecomendaciones\u00bb background_layout=\u00bbdark\u00bb text_orientation=\u00bbleft\u00bb header_fullscreen=\u00bboff\u00bb header_scroll_down=\u00bboff\u00bb parallax=\u00bboff\u00bb parallax_method=\u00bboff\u00bb content_orientation=\u00bbcenter\u00bb image_orientation=\u00bbcenter\u00bb custom_button_one=\u00bboff\u00bb button_one_letter_spacing=\u00bb0&#8243; button_one_use_icon=\u00bbdefault\u00bb button_one_icon_placement=\u00bbright\u00bb button_one_on_hover=\u00bbon\u00bb button_one_letter_spacing_hover=\u00bb0&#8243; custom_button_two=\u00bboff\u00bb button_two_letter_spacing=\u00bb0&#8243; button_two_use_icon=\u00bbdefault\u00bb button_two_icon_placement=\u00bbright\u00bb button_two_on_hover=\u00bbon\u00bb button_two_letter_spacing_hover=\u00bb0&#8243;] [\/et_pb_fullwidth_header][\/et_pb_section][et_pb_section admin_label=\u00bbsection\u00bb][et_pb_row admin_label=\u00bbrow\u00bb][et_pb_column type=\u00bb1_4&#8243;][et_pb_image admin_label=\u00bbImagen\u00bb src=\u00bbhttp:\/\/moralsaludable.moralzarzal.es\/wp-content\/uploads\/2017\/10\/01-Alimentacion.jpg\u00bb animation=\u00bbfade_in\u00bb show_in_lightbox=\u00bboff\u00bb url_new_window=\u00bboff\u00bb use_overlay=\u00bboff\u00bb sticky=\u00bboff\u00bb align=\u00bbleft\u00bb force_fullwidth=\u00bboff\u00bb always_center_on_mobile=\u00bbon\u00bb use_border_color=\u00bboff\u00bb border_color=\u00bb#ffffff\u00bb border_style=\u00bbsolid\u00bb] [\/et_pb_image][\/et_pb_column][et_pb_column type=\u00bb3_4&#8243;][et_pb_divider admin_label=\u00bbSeparador\u00bb color=\u00bb#ffffff\u00bb show_divider=\u00bboff\u00bb height=\u00bb50&#8243; divider_style=\u00bbsolid\u00bb divider_position=\u00bbtop\u00bb hide_on_mobile=\u00bbon\u00bb] [\/et_pb_divider][et_pb_text admin_label=\u00bbTexto\u00bb background_layout=\u00bblight\u00bb text_orientation=\u00bbleft\u00bb use_border_color=\u00bboff\u00bb border_color=\u00bb#ffffff\u00bb border_style=\u00bbsolid\u00bb]<\/p>\n<h2>Sigue una alimentaci\u00f3n variada y equilibrada<\/h2>\n<p>Incluye frutas, verduras, pescado, aceite de oliva y carnes magras. Evita los alimentos procesados y disminuye el consumo de sal y az\u00facares. Procura no tomar bebidas alcoh\u00f3licas destiladas. Y acost\u00fambrate a leer el etiquetado de los alimentos.<\/p>\n<p>[\/et_pb_text][\/et_pb_column][\/et_pb_row][et_pb_row admin_label=\u00bbrow\u00bb][et_pb_column type=\u00bb1_4&#8243;][et_pb_image admin_label=\u00bbImagen\u00bb src=\u00bbhttp:\/\/moralsaludable.moralzarzal.es\/wp-content\/uploads\/2017\/10\/02-Ejercicio.jpg\u00bb animation=\u00bbfade_in\u00bb show_in_lightbox=\u00bboff\u00bb url_new_window=\u00bboff\u00bb use_overlay=\u00bboff\u00bb sticky=\u00bboff\u00bb align=\u00bbleft\u00bb force_fullwidth=\u00bboff\u00bb always_center_on_mobile=\u00bbon\u00bb use_border_color=\u00bboff\u00bb border_color=\u00bb#ffffff\u00bb border_style=\u00bbsolid\u00bb] [\/et_pb_image][\/et_pb_column][et_pb_column type=\u00bb3_4&#8243;][et_pb_divider admin_label=\u00bbSeparador\u00bb color=\u00bb#ffffff\u00bb show_divider=\u00bboff\u00bb height=\u00bb50&#8243; divider_style=\u00bbsolid\u00bb divider_position=\u00bbtop\u00bb hide_on_mobile=\u00bbon\u00bb] [\/et_pb_divider][et_pb_text admin_label=\u00bbTexto\u00bb background_layout=\u00bblight\u00bb text_orientation=\u00bbleft\u00bb use_border_color=\u00bboff\u00bb border_color=\u00bb#ffffff\u00bb border_style=\u00bbsolid\u00bb]<\/p>\n<h2>Realiza 30 minutos diarios de actividad f\u00edsica moderada<\/h2>\n<p>Elige el ejercicio f\u00edsico que mejor se adapte a tus caracter\u00edsticas y procura incluirlo como h\u00e1bito diario. No es necesario que sea intenso. Basta con caminar, correr, bailar\u2026<\/p>\n<p>[\/et_pb_text][\/et_pb_column][\/et_pb_row][et_pb_row admin_label=\u00bbrow\u00bb][et_pb_column type=\u00bb1_4&#8243;][et_pb_image admin_label=\u00bbImagen\u00bb src=\u00bbhttp:\/\/moralsaludable.moralzarzal.es\/wp-content\/uploads\/2017\/10\/03-NoFumar.jpg\u00bb animation=\u00bbfade_in\u00bb show_in_lightbox=\u00bboff\u00bb url_new_window=\u00bboff\u00bb use_overlay=\u00bboff\u00bb sticky=\u00bboff\u00bb align=\u00bbleft\u00bb force_fullwidth=\u00bboff\u00bb always_center_on_mobile=\u00bbon\u00bb use_border_color=\u00bboff\u00bb border_color=\u00bb#ffffff\u00bb border_style=\u00bbsolid\u00bb] [\/et_pb_image][\/et_pb_column][et_pb_column type=\u00bb3_4&#8243;][et_pb_divider admin_label=\u00bbSeparador\u00bb color=\u00bb#ffffff\u00bb show_divider=\u00bboff\u00bb height=\u00bb50&#8243; divider_style=\u00bbsolid\u00bb divider_position=\u00bbtop\u00bb hide_on_mobile=\u00bbon\u00bb] [\/et_pb_divider][et_pb_text admin_label=\u00bbTexto\u00bb background_layout=\u00bblight\u00bb text_orientation=\u00bbleft\u00bb use_border_color=\u00bboff\u00bb border_color=\u00bb#ffffff\u00bb border_style=\u00bbsolid\u00bb]<\/p>\n<h2>Evita el consumo de tabaco<\/h2>\n<p>El tabaco es la primera causa de mortalidad evitable en Espa\u00f1a. Su consumo aumenta el riesgo de muerte prematura por diferentes enfermedades: c\u00e1ncer, infarto, ictus\u2026 Dejar el tabaco es bueno a cualquier edad.<\/p>\n<p>[\/et_pb_text][\/et_pb_column][\/et_pb_row][et_pb_row admin_label=\u00bbrow\u00bb][et_pb_column type=\u00bb1_4&#8243;][et_pb_image admin_label=\u00bbImagen\u00bb src=\u00bbhttp:\/\/moralsaludable.moralzarzal.es\/wp-content\/uploads\/2017\/10\/04-Peso.jpg\u00bb animation=\u00bbfade_in\u00bb show_in_lightbox=\u00bboff\u00bb url_new_window=\u00bboff\u00bb use_overlay=\u00bboff\u00bb sticky=\u00bboff\u00bb align=\u00bbleft\u00bb force_fullwidth=\u00bboff\u00bb always_center_on_mobile=\u00bbon\u00bb use_border_color=\u00bboff\u00bb border_color=\u00bb#ffffff\u00bb border_style=\u00bbsolid\u00bb] [\/et_pb_image][\/et_pb_column][et_pb_column type=\u00bb3_4&#8243;][et_pb_divider admin_label=\u00bbSeparador\u00bb color=\u00bb#ffffff\u00bb show_divider=\u00bboff\u00bb height=\u00bb50&#8243; divider_style=\u00bbsolid\u00bb divider_position=\u00bbtop\u00bb hide_on_mobile=\u00bbon\u00bb] [\/et_pb_divider][et_pb_text admin_label=\u00bbTexto\u00bb background_layout=\u00bblight\u00bb text_orientation=\u00bbleft\u00bb use_border_color=\u00bboff\u00bb border_color=\u00bb#ffffff\u00bb border_style=\u00bbsolid\u00bb]<\/p>\n<h2>Controla tu peso<\/h2>\n<p>El sobrepeso y la obesidad son una acumulaci\u00f3n anormal o excesiva de grasa que supone un riesgo para la salud. La mejor forma de vigilarla es a trav\u00e9s del c\u00e1lculo del \u00a0\u00cdndice de Masa Corporal (IMC).<\/p>\n<p>[\/et_pb_text][\/et_pb_column][\/et_pb_row][et_pb_row admin_label=\u00bbrow\u00bb][et_pb_column type=\u00bb1_4&#8243;][et_pb_image admin_label=\u00bbImagen\u00bb src=\u00bbhttp:\/\/moralsaludable.moralzarzal.es\/wp-content\/uploads\/2017\/10\/05-Grasa-abdomen.jpg\u00bb animation=\u00bbfade_in\u00bb show_in_lightbox=\u00bboff\u00bb url_new_window=\u00bboff\u00bb use_overlay=\u00bboff\u00bb sticky=\u00bboff\u00bb align=\u00bbleft\u00bb force_fullwidth=\u00bboff\u00bb always_center_on_mobile=\u00bbon\u00bb use_border_color=\u00bboff\u00bb border_color=\u00bb#ffffff\u00bb border_style=\u00bbsolid\u00bb] [\/et_pb_image][\/et_pb_column][et_pb_column type=\u00bb3_4&#8243;][et_pb_divider admin_label=\u00bbSeparador\u00bb color=\u00bb#ffffff\u00bb show_divider=\u00bboff\u00bb height=\u00bb50&#8243; divider_style=\u00bbsolid\u00bb divider_position=\u00bbtop\u00bb hide_on_mobile=\u00bbon\u00bb] [\/et_pb_divider][et_pb_text admin_label=\u00bbTexto\u00bb background_layout=\u00bblight\u00bb text_orientation=\u00bbleft\u00bb use_border_color=\u00bboff\u00bb border_color=\u00bb#ffffff\u00bb border_style=\u00bbsolid\u00bb]<\/p>\n<h2>Vigila la grasa acumulada en el abdomen<\/h2>\n<p>Se trata de uno de los grandes peligros para nuestra salud cardiovascular. Puedes comprobarlo midiendo tu per\u00edmetro abdominal a nivel del ombligo. En la mujer debe estar por debajo de 88 cm y en los hombres por debajo de 102 cm.<\/p>\n<p>[\/et_pb_text][\/et_pb_column][\/et_pb_row][et_pb_row admin_label=\u00bbrow\u00bb][et_pb_column type=\u00bb1_4&#8243;][et_pb_image admin_label=\u00bbImagen\u00bb src=\u00bbhttp:\/\/moralsaludable.moralzarzal.es\/wp-content\/uploads\/2017\/10\/06-Agua.jpg\u00bb animation=\u00bbfade_in\u00bb show_in_lightbox=\u00bboff\u00bb url_new_window=\u00bboff\u00bb use_overlay=\u00bboff\u00bb sticky=\u00bboff\u00bb align=\u00bbleft\u00bb force_fullwidth=\u00bboff\u00bb always_center_on_mobile=\u00bbon\u00bb use_border_color=\u00bboff\u00bb border_color=\u00bb#ffffff\u00bb border_style=\u00bbsolid\u00bb] [\/et_pb_image][\/et_pb_column][et_pb_column type=\u00bb3_4&#8243;][et_pb_divider admin_label=\u00bbSeparador\u00bb color=\u00bb#ffffff\u00bb show_divider=\u00bboff\u00bb height=\u00bb50&#8243; divider_style=\u00bbsolid\u00bb divider_position=\u00bbtop\u00bb hide_on_mobile=\u00bbon\u00bb] [\/et_pb_divider][et_pb_text admin_label=\u00bbTexto\u00bb background_layout=\u00bblight\u00bb text_orientation=\u00bbleft\u00bb use_border_color=\u00bboff\u00bb border_color=\u00bb#ffffff\u00bb border_style=\u00bbsolid\u00bb]<\/p>\n<h2>Mant\u00e9n una buena hidrataci\u00f3n<\/h2>\n<p>Es importante ingerir l\u00edquidos a lo largo del d\u00eda, especialmente agua. Nuestro cuerpo cuenta con un sistema de alerta que nos avisa de cu\u00e1ndo debemos beber: se llama sed. Limita la ingesta de refrescos y otros l\u00edquidos azucarados.<\/p>\n<p>[\/et_pb_text][\/et_pb_column][\/et_pb_row][et_pb_row admin_label=\u00bbrow\u00bb][et_pb_column type=\u00bb1_4&#8243;][et_pb_image admin_label=\u00bbImagen\u00bb src=\u00bbhttp:\/\/moralsaludable.moralzarzal.es\/wp-content\/uploads\/2017\/10\/07-Dormir.jpg\u00bb animation=\u00bbfade_in\u00bb show_in_lightbox=\u00bboff\u00bb url_new_window=\u00bboff\u00bb use_overlay=\u00bboff\u00bb sticky=\u00bboff\u00bb align=\u00bbleft\u00bb force_fullwidth=\u00bboff\u00bb always_center_on_mobile=\u00bbon\u00bb use_border_color=\u00bboff\u00bb border_color=\u00bb#ffffff\u00bb border_style=\u00bbsolid\u00bb] [\/et_pb_image][\/et_pb_column][et_pb_column type=\u00bb3_4&#8243;][et_pb_divider admin_label=\u00bbSeparador\u00bb color=\u00bb#ffffff\u00bb show_divider=\u00bboff\u00bb height=\u00bb50&#8243; divider_style=\u00bbsolid\u00bb divider_position=\u00bbtop\u00bb hide_on_mobile=\u00bbon\u00bb] [\/et_pb_divider][et_pb_text admin_label=\u00bbTexto\u00bb background_layout=\u00bblight\u00bb text_orientation=\u00bbleft\u00bb use_border_color=\u00bboff\u00bb border_color=\u00bb#ffffff\u00bb border_style=\u00bbsolid\u00bb]<\/p>\n<h2>Procura dormir bien y suficiente<\/h2>\n<p>Durante el sue\u00f1o suspendemos la actividad consciente y el movimiento voluntario. Adem\u00e1s del descanso f\u00edsico, favorece el desarrollo del sistema nervioso. Es recomendable dormir m\u00e1s de 7 horas al d\u00eda.<\/p>\n<p>[\/et_pb_text][\/et_pb_column][\/et_pb_row][et_pb_row admin_label=\u00bbrow\u00bb][et_pb_column type=\u00bb1_4&#8243;][et_pb_image admin_label=\u00bbImagen\u00bb src=\u00bbhttp:\/\/moralsaludable.moralzarzal.es\/wp-content\/uploads\/2017\/10\/08-Stress.jpg\u00bb animation=\u00bbfade_in\u00bb show_in_lightbox=\u00bboff\u00bb url_new_window=\u00bboff\u00bb use_overlay=\u00bboff\u00bb sticky=\u00bboff\u00bb align=\u00bbleft\u00bb force_fullwidth=\u00bboff\u00bb always_center_on_mobile=\u00bbon\u00bb use_border_color=\u00bboff\u00bb border_color=\u00bb#ffffff\u00bb border_style=\u00bbsolid\u00bb] [\/et_pb_image][\/et_pb_column][et_pb_column type=\u00bb3_4&#8243;][et_pb_divider admin_label=\u00bbSeparador\u00bb color=\u00bb#ffffff\u00bb show_divider=\u00bboff\u00bb height=\u00bb50&#8243; divider_style=\u00bbsolid\u00bb divider_position=\u00bbtop\u00bb hide_on_mobile=\u00bbon\u00bb] [\/et_pb_divider][et_pb_text admin_label=\u00bbTexto\u00bb background_layout=\u00bblight\u00bb text_orientation=\u00bbleft\u00bb use_border_color=\u00bboff\u00bb border_color=\u00bb#ffffff\u00bb border_style=\u00bbsolid\u00bb]<\/p>\n<h2>Evita (o limita) el stress<\/h2>\n<p>El estr\u00e9s es una reacci\u00f3n fisiol\u00f3gica de nuestro cuerpo ante una situaci\u00f3n que se percibe como amenaza. Cuando es intenso o se alarga en el tiempo, tiene efectos tanto sobre nuestra salud f\u00edsica como sobre la mental.<\/p>\n<p>[\/et_pb_text][\/et_pb_column][\/et_pb_row][et_pb_row admin_label=\u00bbrow\u00bb][et_pb_column type=\u00bb1_4&#8243;][et_pb_image admin_label=\u00bbImagen\u00bb src=\u00bbhttp:\/\/moralsaludable.moralzarzal.es\/wp-content\/uploads\/2017\/10\/09-Mente.jpg\u00bb animation=\u00bbfade_in\u00bb show_in_lightbox=\u00bboff\u00bb url_new_window=\u00bboff\u00bb use_overlay=\u00bboff\u00bb sticky=\u00bboff\u00bb align=\u00bbleft\u00bb force_fullwidth=\u00bboff\u00bb always_center_on_mobile=\u00bbon\u00bb use_border_color=\u00bboff\u00bb border_color=\u00bb#ffffff\u00bb border_style=\u00bbsolid\u00bb] [\/et_pb_image][\/et_pb_column][et_pb_column type=\u00bb3_4&#8243;][et_pb_divider admin_label=\u00bbSeparador\u00bb color=\u00bb#ffffff\u00bb show_divider=\u00bboff\u00bb height=\u00bb50&#8243; divider_style=\u00bbsolid\u00bb divider_position=\u00bbtop\u00bb hide_on_mobile=\u00bbon\u00bb] [\/et_pb_divider][et_pb_text admin_label=\u00bbTexto\u00bb background_layout=\u00bblight\u00bb text_orientation=\u00bbleft\u00bb use_border_color=\u00bboff\u00bb border_color=\u00bb#ffffff\u00bb border_style=\u00bbsolid\u00bb]<\/p>\n<h2>Mant\u00e9n tu mente ocupada y plant\u00e9ate objetivos<\/h2>\n<p>Dedica tiempo a hacer cosas que te gusten. Es importante salir de nuestra zona de confort y plantearnos peque\u00f1os retos, que nos ayudar\u00e1n a activar tanto nuestro cuerpo como nuestra mente.<\/p>\n<p>[\/et_pb_text][\/et_pb_column][\/et_pb_row][et_pb_row admin_label=\u00bbrow\u00bb][et_pb_column type=\u00bb1_4&#8243;][et_pb_image admin_label=\u00bbImagen\u00bb src=\u00bbhttp:\/\/moralsaludable.moralzarzal.es\/wp-content\/uploads\/2017\/10\/10-Escaleras.jpg\u00bb animation=\u00bbfade_in\u00bb show_in_lightbox=\u00bboff\u00bb url_new_window=\u00bboff\u00bb use_overlay=\u00bboff\u00bb sticky=\u00bboff\u00bb align=\u00bbleft\u00bb force_fullwidth=\u00bboff\u00bb always_center_on_mobile=\u00bbon\u00bb use_border_color=\u00bboff\u00bb border_color=\u00bb#ffffff\u00bb border_style=\u00bbsolid\u00bb] [\/et_pb_image][\/et_pb_column][et_pb_column type=\u00bb3_4&#8243;][et_pb_divider admin_label=\u00bbSeparador\u00bb color=\u00bb#ffffff\u00bb show_divider=\u00bboff\u00bb height=\u00bb50&#8243; divider_style=\u00bbsolid\u00bb divider_position=\u00bbtop\u00bb hide_on_mobile=\u00bbon\u00bb] [\/et_pb_divider][et_pb_text admin_label=\u00bbTexto\u00bb background_layout=\u00bblight\u00bb text_orientation=\u00bbleft\u00bb use_border_color=\u00bboff\u00bb border_color=\u00bb#ffffff\u00bb border_style=\u00bbsolid\u00bb]<\/p>\n<h2>Utiliza las escaleras en lugar del ascensor<\/h2>\n<p>Es importante incorporar peque\u00f1as acciones que nos ayuden a mantenernos activos en un entorno cada vez m\u00e1s mecanizado. Cualquier excusa es buena para andar un poco, como bajarte del autob\u00fas una parada antes de tu destino.<\/p>\n<p>[\/et_pb_text][\/et_pb_column][\/et_pb_row][\/et_pb_section]<\/p>\n","protected":false},"excerpt":{"rendered":"<p>Sigue una alimentaci\u00f3n variada y equilibrada Incluye frutas, verduras, pescado, aceite de oliva y carnes magras. Evita los alimentos procesados y disminuye el consumo de sal y az\u00facares. Procura no tomar bebidas alcoh\u00f3licas destiladas. Y acost\u00fambrate a leer el etiquetado de los alimentos. Realiza 30 minutos diarios de actividad f\u00edsica moderada Elige el ejercicio f\u00edsico [&hellip;]<\/p>\n","protected":false},"author":2,"featured_media":0,"parent":0,"menu_order":0,"comment_status":"closed","ping_status":"closed","template":"","meta":{"_et_pb_use_builder":"on","_et_pb_old_content":"","_et_gb_content_width":"","footnotes":""},"class_list":["post-81","page","type-page","status-publish","hentry"],"_links":{"self":[{"href":"https:\/\/moralsaludable.moralzarzal.es\/index.php\/wp-json\/wp\/v2\/pages\/81","targetHints":{"allow":["GET"]}}],"collection":[{"href":"https:\/\/moralsaludable.moralzarzal.es\/index.php\/wp-json\/wp\/v2\/pages"}],"about":[{"href":"https:\/\/moralsaludable.moralzarzal.es\/index.php\/wp-json\/wp\/v2\/types\/page"}],"author":[{"embeddable":true,"href":"https:\/\/moralsaludable.moralzarzal.es\/index.php\/wp-json\/wp\/v2\/users\/2"}],"replies":[{"embeddable":true,"href":"https:\/\/moralsaludable.moralzarzal.es\/index.php\/wp-json\/wp\/v2\/comments?post=81"}],"version-history":[{"count":0,"href":"https:\/\/moralsaludable.moralzarzal.es\/index.php\/wp-json\/wp\/v2\/pages\/81\/revisions"}],"wp:attachment":[{"href":"https:\/\/moralsaludable.moralzarzal.es\/index.php\/wp-json\/wp\/v2\/media?parent=81"}],"curies":[{"name":"wp","href":"https:\/\/api.w.org\/{rel}","templated":true}]}}