{"id":175,"date":"2018-06-19T10:46:11","date_gmt":"2018-06-19T10:46:11","guid":{"rendered":"http:\/\/moralsaludable.moralzarzal.es\/?page_id=175"},"modified":"2018-06-19T10:46:11","modified_gmt":"2018-06-19T10:46:11","slug":"programa-2017","status":"publish","type":"page","link":"https:\/\/moralsaludable.moralzarzal.es\/index.php\/programa-2017\/","title":{"rendered":"Programa 2017"},"content":{"rendered":"<p>[et_pb_section admin_label=\u00bbSecci\u00f3n\u00bb fullwidth=\u00bbon\u00bb specialty=\u00bboff\u00bb transparent_background=\u00bboff\u00bb background_color=\u00bb#6aceb6&#8243; allow_player_pause=\u00bboff\u00bb inner_shadow=\u00bboff\u00bb parallax=\u00bboff\u00bb parallax_method=\u00bboff\u00bb padding_mobile=\u00bboff\u00bb make_fullwidth=\u00bboff\u00bb use_custom_width=\u00bboff\u00bb width_unit=\u00bbon\u00bb make_equal=\u00bboff\u00bb use_custom_gutter=\u00bboff\u00bb][et_pb_fullwidth_header admin_label=\u00bbT\u00edtulo de anchura completa\u00bb title=\u00bbPrograma\u00bb background_layout=\u00bbdark\u00bb text_orientation=\u00bbleft\u00bb header_fullscreen=\u00bboff\u00bb header_scroll_down=\u00bboff\u00bb parallax=\u00bboff\u00bb parallax_method=\u00bboff\u00bb content_orientation=\u00bbcenter\u00bb image_orientation=\u00bbcenter\u00bb custom_button_one=\u00bboff\u00bb button_one_letter_spacing=\u00bb0&#8243; button_one_use_icon=\u00bbdefault\u00bb button_one_icon_placement=\u00bbright\u00bb button_one_on_hover=\u00bbon\u00bb button_one_letter_spacing_hover=\u00bb0&#8243; custom_button_two=\u00bboff\u00bb button_two_letter_spacing=\u00bb0&#8243; button_two_use_icon=\u00bbdefault\u00bb button_two_icon_placement=\u00bbright\u00bb button_two_on_hover=\u00bbon\u00bb button_two_letter_spacing_hover=\u00bb0&#8243;] [\/et_pb_fullwidth_header][\/et_pb_section][et_pb_section admin_label=\u00bbsection\u00bb][et_pb_row admin_label=\u00bbFila\u00bb][et_pb_column type=\u00bb4_4&#8243;][et_pb_text admin_label=\u00bbTexto\u00bb background_layout=\u00bblight\u00bb text_orientation=\u00bbleft\u00bb use_border_color=\u00bboff\u00bb border_color=\u00bb#ffffff\u00bb border_style=\u00bbsolid\u00bb]<\/p>\n<h2>Inscripciones<\/h2>\n<h4>\u00a0<u>Presencial o telef\u00f3nicamente en El Hogar de Mayores\u00a0<\/u><\/h4>\n<h4>Calle Ant\u00f3n, 40 &#8211; Tel\u00e9fono 91 857 66 45<\/h4>\n<p><em>de 10.00 a 13.00 o de 16.00 a 19.00 horas<\/em><\/p>\n<p>O en el correo electr\u00f3nico <a href=\"mailto:hogarmayores@moralzarzal.es\" target=\"_blank\">hogarmayores@moralzarzal.es<\/a><\/p>\n<p>&nbsp;<\/p>\n<h4><\/h4>\n<p>[\/et_pb_text][et_pb_divider admin_label=\u00bbSeparador\u00bb color=\u00bb#ffffff\u00bb show_divider=\u00bboff\u00bb height=\u00bb10&#8243; divider_style=\u00bbsolid\u00bb divider_position=\u00bbtop\u00bb hide_on_mobile=\u00bbon\u00bb] [\/et_pb_divider][et_pb_text admin_label=\u00bbTexto\u00bb background_layout=\u00bblight\u00bb text_orientation=\u00bbleft\u00bb use_border_color=\u00bboff\u00bb border_color=\u00bb#ffffff\u00bb border_style=\u00bbsolid\u00bb]<\/p>\n<h2>Lunes 23 de octubre<\/h2>\n<h4><\/h4>\n<h4><span style=\"color: #339966;\"><strong>11.00 horas<\/strong><\/span><\/h4>\n<p><u>M\u00e1s calidad de vida para Mayores (ergonom\u00eda e higiene postural)<\/u><\/p>\n<p><em>Colegio Profesional de Fisioterapeutas de la Comunidad de Madrid<\/em><\/p>\n<p>En El Hogar de Mayores<\/p>\n<p>&nbsp;<\/p>\n<h4><span style=\"color: #339966;\"><strong>12.30 horas<\/strong><\/span><\/h4>\n<p><u>Sintr\u00f3n. Educaci\u00f3n para la salud en pacientes anticoagulados<\/u><\/p>\n<p><em>Lorena L\u00f3pez Casta\u00f1\u00f3n. Enfermera\u00a0de Atenci\u00f3n Primaria del Servicio Madrile\u00f1o de Salud. M\u00e1ster en Investigaci\u00f3n Cuidados en Salud (UCM). Investigadora principal Fondo de Investigaci\u00f3n Sanitaria\u00a0del Instituto de Salud Carlos III<\/em><\/p>\n<p>En El Hogar de Mayores<\/p>\n<p>&nbsp;<\/p>\n<h4><span style=\"color: #339966;\"><strong>17.00 horas<\/strong><\/span><\/h4>\n<p><u>H\u00e1bitos saludables: Alimentaci\u00f3n y Actividad f\u00edsica<\/u><\/p>\n<p><em>Laura Berninches. Licenciada en Actividad F\u00edsica y Deporte y Diplomada en Nutrici\u00f3n Humana y Diet\u00e9tica<\/em><\/p>\n<p>En El Hogar de Mayores<\/p>\n<p>&nbsp;<\/p>\n<h4><span style=\"color: #339966;\"><strong>18.45 horas<\/strong><\/span><\/h4>\n<p><u>Soy lo que como\u2026 Podemos hacer mucho por nuestra salud todos los d\u00edas<\/u><\/p>\n<p><em>Dr. Jes\u00fas Rom\u00e1n Mart\u00ednez \u00c1lvarez. Catedr\u00e1tico de la UCM y Presidente de la Fundaci\u00f3n Alimentaci\u00f3n Saludable<\/em><\/p>\n<p>En El Hogar de Mayores<\/p>\n<p>[\/et_pb_text][et_pb_divider admin_label=\u00bbSeparador\u00bb color=\u00bb#ffffff\u00bb show_divider=\u00bboff\u00bb height=\u00bb10&#8243; divider_style=\u00bbsolid\u00bb divider_position=\u00bbtop\u00bb hide_on_mobile=\u00bbon\u00bb] [\/et_pb_divider][et_pb_text admin_label=\u00bbTexto\u00bb background_layout=\u00bblight\u00bb text_orientation=\u00bbleft\u00bb use_border_color=\u00bboff\u00bb border_color=\u00bb#ffffff\u00bb border_style=\u00bbsolid\u00bb]<\/p>\n<h2>Martes 24 de octubre<\/h2>\n<h4><\/h4>\n<h4><span style=\"color: #339966;\"><strong>11.00 horas<\/strong><\/span><\/h4>\n<p><u>Movilidad Sostenible y Saludable<\/u><\/p>\n<p><em>\u00d3scar Mart\u00ednez. Tool-Alfa (empresa responsable Plan de Movilidad Urbana de Moralzarzal)<\/em><\/p>\n<p>En El hogar de Mayores<\/p>\n<p>&nbsp;<\/p>\n<h4><span style=\"color: #339966;\"><strong>11.00 horas<\/strong><\/span><\/h4>\n<p><u>Taller de uso pr\u00e1ctico de RCP-DESA (desfibriladores)<\/u><\/p>\n<p><em>\u00c1rea de Protecci\u00f3n Civil del Ayuntamiento de Moralzarzal<\/em><\/p>\n<p>Centros Escolares<\/p>\n<p>&nbsp;<\/p>\n<h4><span style=\"color: #339966;\"><strong>17.00 horas<\/strong><\/span><\/h4>\n<p><u>Promoci\u00f3n de Actividad F\u00edsica y Salud en el \u00e1mbito local.<\/u><\/p>\n<p><em>Diego J. Villalvilla. Enfermero y fisioterapeuta. Atenci\u00f3n Primaria Servicio Madrile\u00f1o de Salud. Investigador de PATS-UCLM<\/em><\/p>\n<p>En El Hogar de Mayores<\/p>\n<p>&nbsp;<\/p>\n<h4><span style=\"color: #339966;\"><strong>18.30\u00a0 horas<\/strong><\/span><\/h4>\n<p><u>Taller de uso pr\u00e1ctico de RCP-DESA (desfibriladores)<\/u><\/p>\n<p><em>\u00c1rea de Protecci\u00f3n Civil del Ayuntamiento de Moralzarzal<\/em><\/p>\n<p>En El Hogar de Mayores<\/p>\n<p>[\/et_pb_text][et_pb_divider admin_label=\u00bbSeparador\u00bb color=\u00bb#ffffff\u00bb show_divider=\u00bboff\u00bb height=\u00bb10&#8243; divider_style=\u00bbsolid\u00bb divider_position=\u00bbtop\u00bb hide_on_mobile=\u00bbon\u00bb] [\/et_pb_divider][et_pb_text admin_label=\u00bbTexto\u00bb background_layout=\u00bblight\u00bb text_orientation=\u00bbleft\u00bb use_border_color=\u00bboff\u00bb border_color=\u00bb#ffffff\u00bb border_style=\u00bbsolid\u00bb]<\/p>\n<h2>Mi\u00e9rcoles 25 de octubre<\/h2>\n<h4><\/h4>\n<h4><span style=\"color: #339966;\"><strong>10.00 horas<\/strong><\/span><\/h4>\n<p><span style=\"text-decoration: underline;\">Salud Pulmonar<\/span><\/p>\n<p><em>Colegio Profesional de Fisioterapeutas de la Comunidad de Madrid<\/em><\/p>\n<p>En El Hogar de Mayores<\/p>\n<p>&nbsp;<\/p>\n<h4><span style=\"color: #339966;\"><strong>11.00 horas<\/strong><\/span><\/h4>\n<p><u>El c\u00e1ncer de mama. Detecci\u00f3n precoz y factores de riesgo<\/u><\/p>\n<p><em>Lorena L\u00f3pez Casta\u00f1\u00f3n. Enfermera\u00a0de Atenci\u00f3n Primaria del Servicio Madrile\u00f1o de Salud. M\u00e1ster en Investigaci\u00f3n Cuidados en Salud (UCM). Investigadora principal Fondo de Investigaci\u00f3n Sanitaria\u00a0del Instituto de Salud Carlos III<\/em><\/p>\n<p>En El Hogar de Mayores<\/p>\n<p>&nbsp;<\/p>\n<h4><span style=\"color: #339966;\"><strong>17.00 horas<\/strong><\/span><\/h4>\n<p><u>Nutrici\u00f3n y Actividad F\u00edsica: Hacia un estilo de vida m\u00e1s saludable<\/u><\/p>\n<p><em>Laura Berninches. Licenciada en Actividad F\u00edsica y Deporte y Diplomada en Nutrici\u00f3n Humana y Diet\u00e9tica<\/em><\/p>\n<p>En Sala Carlos Soria del Polideportivo Municipal<\/p>\n<p>&nbsp;<\/p>\n<h4><span style=\"color: #339966;\"><strong>17.30 horas<\/strong><\/span><\/h4>\n<p><u>II Taller de Priorizaci\u00f3n de necesidades y acciones de Salud<\/u><\/p>\n<p><em>Siete Estrellas socialmente, equipo redactor del an\u00e1lisis de necesidades en materia de salud de Moralzarzal<\/em><\/p>\n<p>En El Hogar de Mayores<\/p>\n<p>&nbsp;<\/p>\n<h4><span style=\"color: #339966;\"><strong>17.30 horas<\/strong><\/span><\/h4>\n<p><u>MetroMinuto Moralzarzal. Actividad para ni\u00f1os<\/u><\/p>\n<p><em>\u00c1rea de Deportes del Ayuntamiento de Moralzarzal<\/em><\/p>\n<p>Salida desde\u00a0 \u00a0\u00a0\u00a0 El Hogar de Mayores c\/ Ant\u00f3n, 30<\/p>\n<p>Plaza de toros Avenida S\u00e1nchez Frascuelo, s\/n<\/p>\n<p>Parroquia San Miguel, Glorieta del Ca\u00f1o<\/p>\n<p>&nbsp;<\/p>\n<p>[\/et_pb_text][\/et_pb_column][\/et_pb_row][\/et_pb_section]<\/p>\n","protected":false},"excerpt":{"rendered":"<p>Inscripciones \u00a0Presencial o telef\u00f3nicamente en El Hogar de Mayores\u00a0 Calle Ant\u00f3n, 40 &#8211; Tel\u00e9fono 91 857 66 45 de 10.00 a 13.00 o de 16.00 a 19.00 horas O en el correo electr\u00f3nico hogarmayores@moralzarzal.es &nbsp; Lunes 23 de octubre 11.00 horas M\u00e1s calidad de vida para Mayores (ergonom\u00eda e higiene postural) Colegio Profesional de Fisioterapeutas [&hellip;]<\/p>\n","protected":false},"author":5,"featured_media":0,"parent":0,"menu_order":0,"comment_status":"closed","ping_status":"closed","template":"","meta":{"_et_pb_use_builder":"on","_et_pb_old_content":"","_et_gb_content_width":"","footnotes":""},"class_list":["post-175","page","type-page","status-publish","hentry"],"_links":{"self":[{"href":"https:\/\/moralsaludable.moralzarzal.es\/index.php\/wp-json\/wp\/v2\/pages\/175","targetHints":{"allow":["GET"]}}],"collection":[{"href":"https:\/\/moralsaludable.moralzarzal.es\/index.php\/wp-json\/wp\/v2\/pages"}],"about":[{"href":"https:\/\/moralsaludable.moralzarzal.es\/index.php\/wp-json\/wp\/v2\/types\/page"}],"author":[{"embeddable":true,"href":"https:\/\/moralsaludable.moralzarzal.es\/index.php\/wp-json\/wp\/v2\/users\/5"}],"replies":[{"embeddable":true,"href":"https:\/\/moralsaludable.moralzarzal.es\/index.php\/wp-json\/wp\/v2\/comments?post=175"}],"version-history":[{"count":0,"href":"https:\/\/moralsaludable.moralzarzal.es\/index.php\/wp-json\/wp\/v2\/pages\/175\/revisions"}],"wp:attachment":[{"href":"https:\/\/moralsaludable.moralzarzal.es\/index.php\/wp-json\/wp\/v2\/media?parent=175"}],"curies":[{"name":"wp","href":"https:\/\/api.w.org\/{rel}","templated":true}]}}